{"id":69462,"date":"2019-02-15T04:13:49","date_gmt":"2019-02-15T04:13:49","guid":{"rendered":"https:\/\/pl.wordpress.org\/support\/update-php\/"},"modified":"2019-02-15T04:13:49","modified_gmt":"2019-02-15T04:13:49","slug":"update-php","status":"publish","type":"page","link":"https:\/\/pl.wordpress.org\/support\/update-php\/","title":{"rendered":"Uzyskaj szybsz\u0105, bezpieczniejsz\u0105 witryn\u0119 internetow\u0105: zaktualizuj PHP ju\u017c dzi\u015b"},"content":{"rendered":"","protected":false},"excerpt":{"rendered":"","protected":false},"author":5911429,"featured_media":0,"parent":0,"menu_order":0,"comment_status":"closed","ping_status":"closed","template":"page-update-php.php","meta":{"_bbp_topic_count":0,"_bbp_reply_count":0,"_bbp_total_topic_count":0,"_bbp_total_reply_count":0,"_bbp_voice_count":0,"_bbp_anonymous_reply_count":0,"_bbp_topic_count_hidden":0,"_bbp_reply_count_hidden":0,"_bbp_forum_subforum_count":0,"footnotes":""},"class_list":["post-69462","page","type-page","status-publish","hentry"],"_links":{"self":[{"href":"https:\/\/pl.wordpress.org\/support\/wp-json\/wp\/v2\/pages\/69462","targetHints":{"allow":["GET"]}}],"collection":[{"href":"https:\/\/pl.wordpress.org\/support\/wp-json\/wp\/v2\/pages"}],"about":[{"href":"https:\/\/pl.wordpress.org\/support\/wp-json\/wp\/v2\/types\/page"}],"author":[{"embeddable":true,"href":"https:\/\/pl.wordpress.org\/support\/wp-json\/wp\/v2\/users\/5911429"}],"replies":[{"embeddable":true,"href":"https:\/\/pl.wordpress.org\/support\/wp-json\/wp\/v2\/comments?post=69462"}],"version-history":[{"count":0,"href":"https:\/\/pl.wordpress.org\/support\/wp-json\/wp\/v2\/pages\/69462\/revisions"}],"wp:attachment":[{"href":"https:\/\/pl.wordpress.org\/support\/wp-json\/wp\/v2\/media?parent=69462"}],"curies":[{"name":"wp","href":"https:\/\/api.w.org\/{rel}","templated":true}]}}